{"id":4567,"date":"2026-02-03T15:01:34","date_gmt":"2026-02-03T14:01:34","guid":{"rendered":"https:\/\/new.we4healthcare.com\/?page_id=4567"},"modified":"2026-03-24T14:43:42","modified_gmt":"2026-03-24T13:43:42","slug":"events","status":"publish","type":"page","link":"https:\/\/we4healthcare.com\/it\/events\/","title":{"rendered":"We4 Events"},"content":{"rendered":"<div class=\"wp-block-group alignfull has-primary-background-color has-background is-layout-flow wp-container-core-group-is-layout-f3c7fa73 wp-block-group-is-layout-flow\" style=\"padding-top:0;padding-bottom:0\"><div class=\"wp-block-cover is-style-default\" style=\"min-height:60vh;aspect-ratio:unset;\"><video class=\"wp-block-cover__video-background intrinsic-ignore\" autoplay muted loop playsinline src=\"https:\/\/we4healthcare.com\/wp-content\/uploads\/2025\/12\/we4healthcare.mp4\" data-object-fit=\"cover\"><\/video><span aria-hidden=\"true\" class=\"wp-block-cover__background has-background-dim-80 has-background-dim\" style=\"background-color:#0d41e1\"><\/span><div class=\"wp-block-cover__inner-container has-global-padding is-layout-constrained wp-block-cover-is-layout-constrained\"><section class=\"wp-block-group alignfull is-style-default has-global-padding is-layout-constrained wp-container-core-group-is-layout-57f34cee wp-block-group-is-layout-constrained\" style=\"margin-top:0;margin-bottom:0\"><h1 class=\"wp-block-heading alignwide has-text-align-center animated fadeInUp has-base-color has-text-color has-link-color has-large-font-size wp-elements-5deff65d460d6dbb258d20c3b1c40d4e\">Potenzia la conoscenza sull'healthcare<\/h1>\n\n<p class=\"has-text-align-center animated fadeInUp delay-100ms has-base-color has-text-color has-base-font-size translation-block\">We4 Events potenzia la <strong>formazione scientifica e medica<\/strong> attraverso strumenti di collaborazione digitale ed esperienze ibride che uniscono<br> professionisti in tutto il mondo.<\/p>\n\n<div class=\"wp-block-group alignwide has-global-padding is-layout-constrained wp-block-group-is-layout-constrained\"><div class=\"wp-block-group is-content-justification-center is-nowrap is-layout-flex wp-container-core-group-is-layout-23441af8 wp-block-group-is-layout-flex\"><div class=\"wp-block-buttons is-layout-flex wp-block-buttons-is-layout-flex\"><div class=\"wp-block-button is-style-fill\"><a class=\"wp-block-button__link has-main-color has-base-background-color has-text-color has-background has-link-color has-small-font-size has-custom-font-size wp-element-button\" href=\"#event-format\">Scopri il Format Eventi<\/a><\/div><\/div><\/div><\/div><\/section><\/div><\/div><\/div><div class=\"wp-block-group alignfull has-global-padding is-layout-constrained wp-container-core-group-is-layout-f9c26c94 wp-block-group-is-layout-constrained\" id=\"event-format\" style=\"margin-top:0;margin-bottom:0;padding-top:var(--wp--preset--spacing--xx-large);padding-right:var(--wp--preset--spacing--medium);padding-bottom:var(--wp--preset--spacing--xx-large);padding-left:var(--wp--preset--spacing--medium)\"><div class=\"wp-block-columns alignwide are-vertically-aligned-center is-layout-flex wp-container-core-columns-is-layout-010e51cd wp-block-columns-is-layout-flex\"><div class=\"wp-block-column is-vertically-aligned-center is-layout-flow wp-container-core-column-is-layout-c7b3064f wp-block-column-is-layout-flow\"><div class=\"wp-block-group has-global-padding is-layout-constrained wp-container-core-group-is-layout-f5f3bcb8 wp-block-group-is-layout-constrained\"><h2 class=\"wp-block-heading\"><strong><strong><strong><strong>Piattaforme di formazione interattive<\/strong><\/strong><\/strong><\/strong><\/h2>\n\n<p>Ambienti digitali progettati per fornire una formazione scientifica strutturata e coinvolgente, consentendo l'interazione, la valutazione e il monitoraggio delle conoscenze in tempo reale.<\/p>\n\n<div class=\"wp-block-buttons is-content-justification-left is-layout-flex wp-container-core-buttons-is-layout-fc4fd283 wp-block-buttons-is-layout-flex\"><div class=\"wp-block-button has-custom-width wp-block-button__width-50 is-style-secondary-button is-style-secondary-button--1\"><a class=\"wp-block-button__link has-main-color has-text-color has-background has-link-color has-x-small-font-size has-custom-font-size wp-element-button\" href=\"https:\/\/we4healthcare.com\/it\/contact-us\/\" style=\"background-color:#e6ecfc\">Scopri di pi\u00f9<\/a><\/div><\/div><\/div><\/div>\n\n<div class=\"wp-block-column is-vertically-aligned-center is-layout-flow wp-container-core-column-is-layout-baeb3921 wp-block-column-is-layout-flow\" style=\"border-radius:5px;padding-top:var(--wp--preset--spacing--large);padding-right:var(--wp--preset--spacing--large);padding-bottom:var(--wp--preset--spacing--large);padding-left:var(--wp--preset--spacing--large)\"><figure class=\"wp-block-image size-large has-custom-border\"><img loading=\"lazy\" decoding=\"async\" width=\"1024\" height=\"683\" src=\"https:\/\/we4healthcare.com\/wp-content\/uploads\/2026\/03\/theyre-paying-close-attention-1024x683.jpg\" alt=\"\" class=\"wp-image-5045\" style=\"border-top-left-radius:12px;border-top-right-radius:12px;border-bottom-left-radius:12px;border-bottom-right-radius:12px\" srcset=\"https:\/\/we4healthcare.com\/wp-content\/uploads\/2026\/03\/theyre-paying-close-attention-1024x683.jpg 1024w, https:\/\/we4healthcare.com\/wp-content\/uploads\/2026\/03\/theyre-paying-close-attention-300x200.jpg 300w, https:\/\/we4healthcare.com\/wp-content\/uploads\/2026\/03\/theyre-paying-close-attention-768x513.jpg 768w, https:\/\/we4healthcare.com\/wp-content\/uploads\/2026\/03\/theyre-paying-close-attention-1536x1025.jpg 1536w, https:\/\/we4healthcare.com\/wp-content\/uploads\/2026\/03\/theyre-paying-close-attention-2048x1367.jpg 2048w, https:\/\/we4healthcare.com\/wp-content\/uploads\/2026\/03\/theyre-paying-close-attention-18x12.jpg 18w\" sizes=\"auto, (max-width: 1024px) 100vw, 1024px\" \/><\/figure><\/div><\/div><\/div><div class=\"wp-block-group alignfull has-global-padding is-layout-constrained wp-container-core-group-is-layout-f9c26c94 wp-block-group-is-layout-constrained\" style=\"margin-top:0;margin-bottom:0;padding-top:var(--wp--preset--spacing--xx-large);padding-right:var(--wp--preset--spacing--medium);padding-bottom:var(--wp--preset--spacing--xx-large);padding-left:var(--wp--preset--spacing--medium)\"><div class=\"wp-block-columns alignwide are-vertically-aligned-center is-layout-flex wp-container-core-columns-is-layout-010e51cd wp-block-columns-is-layout-flex\"><div class=\"wp-block-column is-vertically-aligned-center is-layout-flow wp-container-core-column-is-layout-baeb3921 wp-block-column-is-layout-flow\" style=\"border-radius:5px;padding-top:var(--wp--preset--spacing--large);padding-right:var(--wp--preset--spacing--large);padding-bottom:var(--wp--preset--spacing--large);padding-left:var(--wp--preset--spacing--large)\"><figure class=\"wp-block-image size-large has-custom-border\"><img loading=\"lazy\" decoding=\"async\" width=\"1024\" height=\"675\" src=\"https:\/\/we4healthcare.com\/wp-content\/uploads\/2026\/03\/meeting-with-international-colleagues-1024x675.jpg\" alt=\"\" class=\"wp-image-5048\" style=\"border-top-left-radius:12px;border-top-right-radius:12px;border-bottom-left-radius:12px;border-bottom-right-radius:12px\" srcset=\"https:\/\/we4healthcare.com\/wp-content\/uploads\/2026\/03\/meeting-with-international-colleagues-1024x675.jpg 1024w, https:\/\/we4healthcare.com\/wp-content\/uploads\/2026\/03\/meeting-with-international-colleagues-300x198.jpg 300w, https:\/\/we4healthcare.com\/wp-content\/uploads\/2026\/03\/meeting-with-international-colleagues-768x506.jpg 768w, https:\/\/we4healthcare.com\/wp-content\/uploads\/2026\/03\/meeting-with-international-colleagues-1536x1013.jpg 1536w, https:\/\/we4healthcare.com\/wp-content\/uploads\/2026\/03\/meeting-with-international-colleagues-2048x1350.jpg 2048w, https:\/\/we4healthcare.com\/wp-content\/uploads\/2026\/03\/meeting-with-international-colleagues-18x12.jpg 18w\" sizes=\"auto, (max-width: 1024px) 100vw, 1024px\" \/><\/figure><\/div>\n\n<div class=\"wp-block-column is-vertically-aligned-center is-layout-flow wp-container-core-column-is-layout-c7b3064f wp-block-column-is-layout-flow\"><div class=\"wp-block-group has-global-padding is-layout-constrained wp-container-core-group-is-layout-f5f3bcb8 wp-block-group-is-layout-constrained\"><h2 class=\"wp-block-heading translation-block\"><strong><strong><strong><strong><strong>Eventi ibridi e virtuali per <\/strong><\/strong><\/strong><\/strong><\/strong><br><strong><strong><strong><strong><strong>Clinici e ricercatori<\/strong><\/strong><\/strong><\/strong><\/strong><\/h2>\n\n<p>Format digitali e ibridi gestiti senza soluzione di continuit\u00e0 che promuovono uno scambio scientifico significativo, garantendo accessibilit\u00e0, conformit\u00e0 e coinvolgimento di alta qualit\u00e0.<\/p>\n\n<div class=\"wp-block-buttons is-content-justification-left is-layout-flex wp-container-core-buttons-is-layout-fc4fd283 wp-block-buttons-is-layout-flex\"><div class=\"wp-block-button has-custom-width wp-block-button__width-50 is-style-secondary-button is-style-secondary-button--2\"><a class=\"wp-block-button__link has-main-color has-text-color has-background has-link-color has-x-small-font-size has-custom-font-size wp-element-button\" href=\"https:\/\/we4healthcare.com\/it\/contact-us\/\" style=\"background-color:#e6ecfc\">Scopri di pi\u00f9<\/a><\/div><\/div><\/div><\/div><\/div><\/div><div class=\"wp-block-group alignfull has-global-padding is-layout-constrained wp-container-core-group-is-layout-f9c26c94 wp-block-group-is-layout-constrained\" style=\"margin-top:0;margin-bottom:0;padding-top:var(--wp--preset--spacing--xx-large);padding-right:var(--wp--preset--spacing--medium);padding-bottom:var(--wp--preset--spacing--xx-large);padding-left:var(--wp--preset--spacing--medium)\"><div class=\"wp-block-columns alignwide are-vertically-aligned-center is-layout-flex wp-container-core-columns-is-layout-010e51cd wp-block-columns-is-layout-flex\"><div class=\"wp-block-column is-vertically-aligned-center is-layout-flow wp-container-core-column-is-layout-c7b3064f wp-block-column-is-layout-flow\"><div class=\"wp-block-group has-global-padding is-layout-constrained wp-container-core-group-is-layout-f5f3bcb8 wp-block-group-is-layout-constrained\"><h2 class=\"wp-block-heading translation-block\">Comunicazione scientifica e <br>Apprendimento online<\/h2>\n\n<p>Sviluppo strategico di contenuti e diffusione digitale su misura per tradurre prove mediche complesse in esperienze di apprendimento chiare e di grande impatto.<\/p>\n\n<div class=\"wp-block-buttons is-content-justification-left is-layout-flex wp-container-core-buttons-is-layout-fc4fd283 wp-block-buttons-is-layout-flex\"><div class=\"wp-block-button has-custom-width wp-block-button__width-50 is-style-secondary-button is-style-secondary-button--3\"><a class=\"wp-block-button__link has-main-color has-text-color has-background has-link-color has-x-small-font-size has-custom-font-size wp-element-button\" href=\"https:\/\/we4healthcare.com\/it\/contact-us\/\" style=\"background-color:#e6ecfc\">Scopri di pi\u00f9<\/a><\/div><\/div><\/div><\/div>\n\n<div class=\"wp-block-column is-vertically-aligned-center is-layout-flow wp-container-core-column-is-layout-baeb3921 wp-block-column-is-layout-flow\" style=\"border-radius:5px;padding-top:var(--wp--preset--spacing--large);padding-right:var(--wp--preset--spacing--large);padding-bottom:var(--wp--preset--spacing--large);padding-left:var(--wp--preset--spacing--large)\"><figure class=\"wp-block-image size-large has-custom-border\"><img loading=\"lazy\" decoding=\"async\" width=\"1024\" height=\"540\" src=\"https:\/\/we4healthcare.com\/wp-content\/uploads\/2026\/03\/laptop-hands-or-business-people-on-screen-in-virt-1-1024x540.jpg\" alt=\"\" class=\"wp-image-5049\" style=\"border-top-left-radius:12px;border-top-right-radius:12px;border-bottom-left-radius:12px;border-bottom-right-radius:12px\" srcset=\"https:\/\/we4healthcare.com\/wp-content\/uploads\/2026\/03\/laptop-hands-or-business-people-on-screen-in-virt-1-1024x540.jpg 1024w, https:\/\/we4healthcare.com\/wp-content\/uploads\/2026\/03\/laptop-hands-or-business-people-on-screen-in-virt-1-300x158.jpg 300w, https:\/\/we4healthcare.com\/wp-content\/uploads\/2026\/03\/laptop-hands-or-business-people-on-screen-in-virt-1-768x405.jpg 768w, https:\/\/we4healthcare.com\/wp-content\/uploads\/2026\/03\/laptop-hands-or-business-people-on-screen-in-virt-1-1536x810.jpg 1536w, https:\/\/we4healthcare.com\/wp-content\/uploads\/2026\/03\/laptop-hands-or-business-people-on-screen-in-virt-1-2048x1080.jpg 2048w, https:\/\/we4healthcare.com\/wp-content\/uploads\/2026\/03\/laptop-hands-or-business-people-on-screen-in-virt-1-18x9.jpg 18w\" sizes=\"auto, (max-width: 1024px) 100vw, 1024px\" \/><\/figure><\/div><\/div><\/div><div class=\"wp-block-group alignfull has-global-padding is-layout-constrained wp-container-core-group-is-layout-f9c26c94 wp-block-group-is-layout-constrained\" style=\"margin-top:0;margin-bottom:0;padding-top:var(--wp--preset--spacing--xx-large);padding-right:var(--wp--preset--spacing--medium);padding-bottom:var(--wp--preset--spacing--xx-large);padding-left:var(--wp--preset--spacing--medium)\"><div class=\"wp-block-columns alignwide are-vertically-aligned-center is-layout-flex wp-container-core-columns-is-layout-010e51cd wp-block-columns-is-layout-flex\"><div class=\"wp-block-column is-vertically-aligned-center is-layout-flow wp-container-core-column-is-layout-baeb3921 wp-block-column-is-layout-flow\" style=\"border-radius:5px;padding-top:var(--wp--preset--spacing--large);padding-right:var(--wp--preset--spacing--large);padding-bottom:var(--wp--preset--spacing--large);padding-left:var(--wp--preset--spacing--large)\"><figure class=\"wp-block-image size-large has-custom-border\"><img loading=\"lazy\" decoding=\"async\" width=\"1024\" height=\"540\" src=\"https:\/\/we4healthcare.com\/wp-content\/uploads\/2026\/03\/laptop-hands-or-business-people-on-screen-in-virt-1024x540.jpg\" alt=\"\" class=\"wp-image-5047\" style=\"border-top-left-radius:12px;border-top-right-radius:12px;border-bottom-left-radius:12px;border-bottom-right-radius:12px\" srcset=\"https:\/\/we4healthcare.com\/wp-content\/uploads\/2026\/03\/laptop-hands-or-business-people-on-screen-in-virt-1024x540.jpg 1024w, https:\/\/we4healthcare.com\/wp-content\/uploads\/2026\/03\/laptop-hands-or-business-people-on-screen-in-virt-300x158.jpg 300w, https:\/\/we4healthcare.com\/wp-content\/uploads\/2026\/03\/laptop-hands-or-business-people-on-screen-in-virt-768x405.jpg 768w, https:\/\/we4healthcare.com\/wp-content\/uploads\/2026\/03\/laptop-hands-or-business-people-on-screen-in-virt-1536x810.jpg 1536w, https:\/\/we4healthcare.com\/wp-content\/uploads\/2026\/03\/laptop-hands-or-business-people-on-screen-in-virt-2048x1080.jpg 2048w, https:\/\/we4healthcare.com\/wp-content\/uploads\/2026\/03\/laptop-hands-or-business-people-on-screen-in-virt-18x9.jpg 18w\" sizes=\"auto, (max-width: 1024px) 100vw, 1024px\" \/><\/figure><\/div>\n\n<div class=\"wp-block-column is-vertically-aligned-center is-layout-flow wp-container-core-column-is-layout-c7b3064f wp-block-column-is-layout-flow\"><div class=\"wp-block-group has-global-padding is-layout-constrained wp-container-core-group-is-layout-f5f3bcb8 wp-block-group-is-layout-constrained\"><h2 class=\"wp-block-heading\"><strong>Corsi accreditati CME\/ECM<\/strong><\/h2>\n\n<p>Programmi educativi certificati sviluppati in conformit\u00e0 con gli standard di accreditamento, garantendo rigore scientifico, allineamento normativo e risultati di apprendimento misurabili.<\/p>\n\n<div class=\"wp-block-buttons is-content-justification-left is-layout-flex wp-container-core-buttons-is-layout-fc4fd283 wp-block-buttons-is-layout-flex\"><div class=\"wp-block-button has-custom-width wp-block-button__width-50 is-style-secondary-button is-style-secondary-button--4\"><a class=\"wp-block-button__link has-main-color has-text-color has-background has-link-color has-x-small-font-size has-custom-font-size wp-element-button\" href=\"https:\/\/we4healthcare.com\/it\/contact-us\/\" style=\"background-color:#e6ecfc\">Scopri di pi\u00f9<\/a><\/div><\/div><\/div><\/div><\/div><\/div>","protected":false},"excerpt":{"rendered":"<p>Interactive Training Platforms Digital environments designed to deliver structured, engaging scientific training, enabling real-time interaction, assessment, and knowledge tracking. Hybrid &amp; Virtual Events for Clinicians and Researchers Seamlessly managed digital and hybrid formats that foster meaningful scientific exchange, ensuring accessibility, compliance, and high-quality engagement. Scientific Communication &amp; Online Learning Strategic content development and digital dissemination [&hellip;]<\/p>\n","protected":false},"author":4,"featured_media":0,"parent":0,"menu_order":0,"comment_status":"closed","ping_status":"closed","template":"page-no-title","meta":{"footnotes":""},"class_list":["post-4567","page","type-page","status-publish","hentry"],"yoast_head":"<!-- This site is optimized with the Yoast SEO plugin v27.3 - https:\/\/yoast.com\/product\/yoast-seo-wordpress\/ -->\n<title>We4 Events | Scientific education and medical training<\/title>\n<meta name=\"description\" content=\"Discover We4 Events: powering global scientific education with digital &amp; hybrid events for digital health and clinical research.\" \/>\n<meta name=\"robots\" content=\"index, follow, max-snippet:-1, max-image-preview:large, max-video-preview:-1\" \/>\n<link rel=\"canonical\" href=\"https:\/\/we4healthcare.com\/it\/events\/\" \/>\n<meta property=\"og:locale\" content=\"it_IT\" \/>\n<meta property=\"og:type\" content=\"article\" \/>\n<meta property=\"og:title\" content=\"We4 Events | Scientific education and medical training\" \/>\n<meta property=\"og:description\" content=\"Discover We4 Events: powering global scientific education with digital &amp; hybrid events for digital health and clinical research.\" \/>\n<meta property=\"og:url\" content=\"https:\/\/we4healthcare.com\/it\/events\/\" \/>\n<meta property=\"og:site_name\" content=\"We4 Healthcare\" \/>\n<meta property=\"article:modified_time\" content=\"2026-03-24T13:43:42+00:00\" \/>\n<meta property=\"og:image\" content=\"https:\/\/we4healthcare.com\/wp-content\/uploads\/2026\/03\/theyre-paying-close-attention-scaled.jpg\" \/>\n\t<meta property=\"og:image:width\" content=\"2560\" \/>\n\t<meta property=\"og:image:height\" content=\"1709\" \/>\n\t<meta property=\"og:image:type\" content=\"image\/jpeg\" \/>\n<meta name=\"twitter:card\" content=\"summary_large_image\" \/>\n<meta name=\"twitter:label1\" content=\"Tempo di lettura stimato\" \/>\n\t<meta name=\"twitter:data1\" content=\"2 minuti\" \/>\n<script type=\"application\/ld+json\" class=\"yoast-schema-graph\">{\"@context\":\"https:\\\/\\\/schema.org\",\"@graph\":[{\"@type\":\"WebPage\",\"@id\":\"https:\\\/\\\/we4healthcare.com\\\/events\\\/\",\"url\":\"https:\\\/\\\/we4healthcare.com\\\/events\\\/\",\"name\":\"We4 Events | Scientific education and medical training\",\"isPartOf\":{\"@id\":\"https:\\\/\\\/we4healthcare.com\\\/#website\"},\"primaryImageOfPage\":{\"@id\":\"https:\\\/\\\/we4healthcare.com\\\/events\\\/#primaryimage\"},\"image\":{\"@id\":\"https:\\\/\\\/we4healthcare.com\\\/events\\\/#primaryimage\"},\"thumbnailUrl\":\"https:\\\/\\\/we4healthcare.com\\\/wp-content\\\/uploads\\\/2026\\\/03\\\/theyre-paying-close-attention-1024x683.jpg\",\"datePublished\":\"2026-02-03T14:01:34+00:00\",\"dateModified\":\"2026-03-24T13:43:42+00:00\",\"description\":\"Discover We4 Events: powering global scientific education with digital & hybrid events for digital health and clinical research.\",\"breadcrumb\":{\"@id\":\"https:\\\/\\\/we4healthcare.com\\\/events\\\/#breadcrumb\"},\"inLanguage\":\"it-IT\",\"potentialAction\":[{\"@type\":\"ReadAction\",\"target\":[\"https:\\\/\\\/we4healthcare.com\\\/events\\\/\"]}]},{\"@type\":\"ImageObject\",\"inLanguage\":\"it-IT\",\"@id\":\"https:\\\/\\\/we4healthcare.com\\\/events\\\/#primaryimage\",\"url\":\"https:\\\/\\\/we4healthcare.com\\\/wp-content\\\/uploads\\\/2026\\\/03\\\/theyre-paying-close-attention-1024x683.jpg\",\"contentUrl\":\"https:\\\/\\\/we4healthcare.com\\\/wp-content\\\/uploads\\\/2026\\\/03\\\/theyre-paying-close-attention-1024x683.jpg\"},{\"@type\":\"BreadcrumbList\",\"@id\":\"https:\\\/\\\/we4healthcare.com\\\/events\\\/#breadcrumb\",\"itemListElement\":[{\"@type\":\"ListItem\",\"position\":1,\"name\":\"Home\",\"item\":\"https:\\\/\\\/we4healthcare.com\\\/\"},{\"@type\":\"ListItem\",\"position\":2,\"name\":\"We4 Events\"}]},{\"@type\":\"WebSite\",\"@id\":\"https:\\\/\\\/we4healthcare.com\\\/#website\",\"url\":\"https:\\\/\\\/we4healthcare.com\\\/\",\"name\":\"We4 Healthcare\",\"description\":\"\",\"publisher\":{\"@id\":\"https:\\\/\\\/we4healthcare.com\\\/#organization\"},\"potentialAction\":[{\"@type\":\"SearchAction\",\"target\":{\"@type\":\"EntryPoint\",\"urlTemplate\":\"https:\\\/\\\/we4healthcare.com\\\/?s={search_term_string}\"},\"query-input\":{\"@type\":\"PropertyValueSpecification\",\"valueRequired\":true,\"valueName\":\"search_term_string\"}}],\"inLanguage\":\"it-IT\"},{\"@type\":\"Organization\",\"@id\":\"https:\\\/\\\/we4healthcare.com\\\/#organization\",\"name\":\"We4 Healthcare\",\"url\":\"https:\\\/\\\/we4healthcare.com\\\/\",\"logo\":{\"@type\":\"ImageObject\",\"inLanguage\":\"it-IT\",\"@id\":\"https:\\\/\\\/we4healthcare.com\\\/#\\\/schema\\\/logo\\\/image\\\/\",\"url\":\"https:\\\/\\\/we4healthcare.com\\\/wp-content\\\/uploads\\\/2025\\\/12\\\/logowe4Healthcare@3x.png\",\"contentUrl\":\"https:\\\/\\\/we4healthcare.com\\\/wp-content\\\/uploads\\\/2025\\\/12\\\/logowe4Healthcare@3x.png\",\"width\":2400,\"height\":572,\"caption\":\"We4 Healthcare\"},\"image\":{\"@id\":\"https:\\\/\\\/we4healthcare.com\\\/#\\\/schema\\\/logo\\\/image\\\/\"}}]}<\/script>\n<!-- \/ Yoast SEO plugin. -->","yoast_head_json":{"title":"We4 Events | Scientific education and medical training","description":"Discover We4 Events: powering global scientific education with digital & hybrid events for digital health and clinical research.","robots":{"index":"index","follow":"follow","max-snippet":"max-snippet:-1","max-image-preview":"max-image-preview:large","max-video-preview":"max-video-preview:-1"},"canonical":"https:\/\/we4healthcare.com\/it\/events\/","og_locale":"it_IT","og_type":"article","og_title":"We4 Events | Scientific education and medical training","og_description":"Discover We4 Events: powering global scientific education with digital & hybrid events for digital health and clinical research.","og_url":"https:\/\/we4healthcare.com\/it\/events\/","og_site_name":"We4 Healthcare","article_modified_time":"2026-03-24T13:43:42+00:00","og_image":[{"width":2560,"height":1709,"url":"https:\/\/we4healthcare.com\/wp-content\/uploads\/2026\/03\/theyre-paying-close-attention-scaled.jpg","type":"image\/jpeg"}],"twitter_card":"summary_large_image","twitter_misc":{"Tempo di lettura stimato":"2 minuti"},"schema":{"@context":"https:\/\/schema.org","@graph":[{"@type":"WebPage","@id":"https:\/\/we4healthcare.com\/events\/","url":"https:\/\/we4healthcare.com\/events\/","name":"We4 Events | Scientific education and medical training","isPartOf":{"@id":"https:\/\/we4healthcare.com\/#website"},"primaryImageOfPage":{"@id":"https:\/\/we4healthcare.com\/events\/#primaryimage"},"image":{"@id":"https:\/\/we4healthcare.com\/events\/#primaryimage"},"thumbnailUrl":"https:\/\/we4healthcare.com\/wp-content\/uploads\/2026\/03\/theyre-paying-close-attention-1024x683.jpg","datePublished":"2026-02-03T14:01:34+00:00","dateModified":"2026-03-24T13:43:42+00:00","description":"Discover We4 Events: powering global scientific education with digital & hybrid events for digital health and clinical research.","breadcrumb":{"@id":"https:\/\/we4healthcare.com\/events\/#breadcrumb"},"inLanguage":"it-IT","potentialAction":[{"@type":"ReadAction","target":["https:\/\/we4healthcare.com\/events\/"]}]},{"@type":"ImageObject","inLanguage":"it-IT","@id":"https:\/\/we4healthcare.com\/events\/#primaryimage","url":"https:\/\/we4healthcare.com\/wp-content\/uploads\/2026\/03\/theyre-paying-close-attention-1024x683.jpg","contentUrl":"https:\/\/we4healthcare.com\/wp-content\/uploads\/2026\/03\/theyre-paying-close-attention-1024x683.jpg"},{"@type":"BreadcrumbList","@id":"https:\/\/we4healthcare.com\/events\/#breadcrumb","itemListElement":[{"@type":"ListItem","position":1,"name":"Home","item":"https:\/\/we4healthcare.com\/"},{"@type":"ListItem","position":2,"name":"We4 Events"}]},{"@type":"WebSite","@id":"https:\/\/we4healthcare.com\/#website","url":"https:\/\/we4healthcare.com\/","name":"We4 Healthcare","description":"","publisher":{"@id":"https:\/\/we4healthcare.com\/#organization"},"potentialAction":[{"@type":"SearchAction","target":{"@type":"EntryPoint","urlTemplate":"https:\/\/we4healthcare.com\/?s={search_term_string}"},"query-input":{"@type":"PropertyValueSpecification","valueRequired":true,"valueName":"search_term_string"}}],"inLanguage":"it-IT"},{"@type":"Organization","@id":"https:\/\/we4healthcare.com\/#organization","name":"We4 Healthcare","url":"https:\/\/we4healthcare.com\/","logo":{"@type":"ImageObject","inLanguage":"it-IT","@id":"https:\/\/we4healthcare.com\/#\/schema\/logo\/image\/","url":"https:\/\/we4healthcare.com\/wp-content\/uploads\/2025\/12\/logowe4Healthcare@3x.png","contentUrl":"https:\/\/we4healthcare.com\/wp-content\/uploads\/2025\/12\/logowe4Healthcare@3x.png","width":2400,"height":572,"caption":"We4 Healthcare"},"image":{"@id":"https:\/\/we4healthcare.com\/#\/schema\/logo\/image\/"}}]}},"distributor_meta":false,"distributor_terms":false,"distributor_media":false,"distributor_original_site_name":"We4 Healthcare","distributor_original_site_url":"https:\/\/we4healthcare.com\/it","push-errors":false,"_links":{"self":[{"href":"https:\/\/we4healthcare.com\/it\/wp-json\/wp\/v2\/pages\/4567","targetHints":{"allow":["GET"]}}],"collection":[{"href":"https:\/\/we4healthcare.com\/it\/wp-json\/wp\/v2\/pages"}],"about":[{"href":"https:\/\/we4healthcare.com\/it\/wp-json\/wp\/v2\/types\/page"}],"author":[{"embeddable":true,"href":"https:\/\/we4healthcare.com\/it\/wp-json\/wp\/v2\/users\/4"}],"replies":[{"embeddable":true,"href":"https:\/\/we4healthcare.com\/it\/wp-json\/wp\/v2\/comments?post=4567"}],"version-history":[{"count":8,"href":"https:\/\/we4healthcare.com\/it\/wp-json\/wp\/v2\/pages\/4567\/revisions"}],"predecessor-version":[{"id":5050,"href":"https:\/\/we4healthcare.com\/it\/wp-json\/wp\/v2\/pages\/4567\/revisions\/5050"}],"wp:attachment":[{"href":"https:\/\/we4healthcare.com\/it\/wp-json\/wp\/v2\/media?parent=4567"}],"curies":[{"name":"wp","href":"https:\/\/api.w.org\/{rel}","templated":true}]}}